{"id":3,"date":"2021-01-15T09:32:55","date_gmt":"2021-01-15T08:32:55","guid":{"rendered":"https:\/\/ordineostetricheterni.it\/wordpress\/?page_id=3"},"modified":"2022-07-06T12:46:21","modified_gmt":"2022-07-06T10:46:21","slug":"privacy-policy","status":"publish","type":"page","link":"https:\/\/ordineostetricheterni.it\/wordpress\/privacy-policy\/","title":{"rendered":"Privacy Policy"},"content":{"rendered":"\r\n<p><strong>Informativa ai sensi dell&#8217;art. 13 del Codice della Privacy<\/strong><\/p>\r\n\r\n\r\n\r\n<p><br \/><strong>Ai sensi dell&#8217;articolo 13 del codice della D.Lgs. 196\/2003, vi rendiamo le seguenti informazioni.<\/strong><\/p>\r\n\r\n\r\n\r\n<p><br \/>Noi di\u00a0<strong>www.ordineostetricheterni.it<\/strong>\u00a0riteniamo che la privacy dei nostri visitatori sia estremamente importante. Questo documento descrive dettagliatamente i tipi di informazioni personali raccolti e registrati dal nostro sito e come essi vengano utilizzati.<\/p>\r\n\r\n\r\n\r\n<h3 class=\"wp-block-heading\"><br \/>File di Registrazione (Log Files)<\/h3>\r\n\r\n\r\n<hr class=\"wp-block-separator\" \/>\r\n\r\n\r\n<p>Come molti altri siti web, il nostro utilizza file di log. Questi file registrano semplicemente i visitatori del sito &#8211; di solito una procedura standard delle aziende di hosting e dei servizi di analisi degli hosting.<\/p>\r\n\r\n\r\n\r\n<p><br \/>Le informazioni contenute nei file di registro comprendono indirizzi di protocollo Internet (IP), il tipo di browser, Internet Service Provider (ISP), informazioni come data e ora, pagine referral, pagine d&#8217;uscita ed entrata o il numero di clic.<\/p>\r\n\r\n\r\n\r\n<p><br \/>Queste informazioni vengono utilizzate per analizzare le tendenze, amministrare il sito, monitorare il movimento degli utenti sul sito e raccogliere informazioni demografiche. Gli indirizzi IP e le altre informazioni non sono collegate a informazioni personali che possono essere identificate, dunque\u00a0<strong>tutti i dati sono raccolti in forma assolutamente anonima<\/strong>.<\/p>\r\n\r\n\r\n\r\n<h3 class=\"wp-block-heading\"><br \/>Questo sito web utilizza i Cookies<\/h3>\r\n\r\n\r\n<hr class=\"wp-block-separator\" \/>\r\n\r\n\r\n<p>I cookies sono piccoli file di testo che vengono automaticamente posizionati sul PC del navigatore all\u2019interno del browser. Essi contengono informazioni di base sulla navigazione in Internet e grazie al browser vengono riconosciuti ogni volta che l\u2019utente visita il sito.<\/p>\r\n\r\n\r\n\r\n<h3 class=\"wp-block-heading\"><br \/>Cookie Policy<\/h3>\r\n\r\n\r\n<hr class=\"wp-block-separator\" \/>\r\n\r\n\r\n<p>Questo sito utilizza cookies, anche di terze parti, per migliorarne l\u2019esperienza di navigazione, consentire a chi naviga di usufruire di eventuali servizi online e monitorare la navigazione nel sito.<\/p>\r\n\r\n\r\n\r\n<h3 class=\"wp-block-heading\"><br \/>Come disabilitare i Cookies<\/h3>\r\n\r\n\r\n<hr class=\"wp-block-separator\" \/>\r\n\r\n\r\n<p>E\u2019 possibile disabilitare i cookies direttamente dal browser utilizzato, accedendo alle impostazioni (preferenze oppure opzioni): questa scelta potrebbe limitare alcune funzionalit\u00e0 di navigazione del sito.<\/p>\r\n\r\n\r\n\r\n<h3 class=\"wp-block-heading\"><br \/>Gestione dei Cookies<\/h3>\r\n\r\n\r\n<hr class=\"wp-block-separator\" \/>\r\n\r\n\r\n<p>I cookies utilizzati in questo sito possono rientrare nelle categorie descritte di seguito.<\/p>\r\n\r\n\r\n\r\n<ul class=\"wp-block-list\">\r\n<li><strong>Attivit\u00e0 strettamente necessarie al funzionamento<\/strong><br \/><br \/><\/li>\r\n<li><strong>Attivit\u00e0 di salvataggio delle preferenze<\/strong><br \/><br \/><\/li>\r\n<li><strong>Attivit\u00e0 Statistiche e di Misurazione dell\u2019audience <\/strong><br \/><br \/><\/li>\r\n<li><strong>Cookie di social media<\/strong><br \/><br \/><\/li>\r\n<\/ul>\r\n\r\n\r\n\r\n\r\n\r\n<h3 class=\"wp-block-heading\"><br \/>Finalit\u00e0 del trattamento<\/h3>\r\n\r\n\r\n<hr class=\"wp-block-separator\" \/>\r\n\r\n\r\n<p>I dati possono essere raccolti per una o pi\u00f9 delle seguenti finalit\u00e0:<\/p>\r\n\r\n\r\n\r\n<ul class=\"wp-block-list\">\r\n<li>fornire l&#8217;accesso ad aree riservate del Portale e di Portali\/siti collegati con il presente e all&#8217;invio di comunicazioni anche di carattere commerciale, notizie, aggiornamenti sulle iniziative di questo sito e delle societ\u00e0 da essa controllate e\/o collegate e\/o Sponsor.<\/li>\r\n<li>eventuale cessione a terzi dei suddetti dati, sempre finalizzata alla realizzazione di campagne di email marketing ed all&#8217;invio di comunicazioni di carattere commerciale.<\/li>\r\n<li>eseguire gli obblighi previsti da leggi o regolamenti;<\/li>\r\n<li>gestione contatti.<\/li>\r\n<\/ul>\r\n\r\n\r\n\r\n<h3 class=\"wp-block-heading\"><br \/>Modalit\u00e0 del trattamento<\/h3>\r\n\r\n\r\n<hr class=\"wp-block-separator\" \/>\r\n\r\n\r\n<p>I dati verranno trattati con le seguenti modalit\u00e0:<\/p>\r\n\r\n\r\n\r\n<ul class=\"wp-block-list\">\r\n<li>raccolta dati con modalit\u00e0 single-opt, in apposito database;<\/li>\r\n<li>registrazione ed elaborazione su supporto cartaceo e\/o magnetico;<\/li>\r\n<li>organizzazione degli archivi in forma prevalentemente automatizzata, ai sensi del Disciplinare Tecnico in materia di misure minime di sicurezza, Allegato B del Codice della Privacy.<\/li>\r\n<\/ul>\r\n\r\n\r\n\r\n<h3 class=\"wp-block-heading\"><br \/>Natura obbligatoria<\/h3>\r\n\r\n\r\n<hr class=\"wp-block-separator\" \/>\r\n\r\n\r\n<p>Tutti i dati richiesti sono obbligatori.<\/p>\r\n\r\n\r\n\r\n<h3 class=\"wp-block-heading\"><br \/>Diritti dell&#8217;interessato<\/h3>\r\n\r\n\r\n<hr class=\"wp-block-separator\" \/>\r\n\r\n\r\n<p>Ai sensi ai sensi dell&#8217;art. 7 (Diritto di accesso ai dati personali ed altri diritti) del Codice della Privacy, vi segnaliamo che i vostri diritti in ordine al trattamento dei dati sono:<\/p>\r\n\r\n\r\n\r\n<ul class=\"wp-block-list\">\r\n<li>conoscere, mediante accesso gratuito l&#8217;esistenza di trattamenti di dati che possano riguardarvi;<\/li>\r\n<li>essere informati sulla natura e sulle finalit\u00e0 del trattamento<\/li>\r\n<li>ottenere a cura del titolare, senza ritardo:\r\n<ul>\r\n<li>la conferma dell&#8217;esistenza o meno di dati personali che vi riguardano, anche se non ancora registrati, e la comunicazione in forma intellegibile dei medesimi dati e della loro origine, nonch\u00e9 della logica e delle finalit\u00e0 su cui si basa il trattamento; la richiesta pu\u00f2 essere rinnovata, salva l&#8217;esistenza di giustificati motivi, con intervallo non minore di novanta giorni;<\/li>\r\n<li>la cancellazione, la trasformazione in forma anonima o il blocco dei dati trattati in violazione di legge, compresi quelli di cui non \u00e8 necessaria la conservazione in relazione agli scopi per i quali i dati sono stati raccolti o successivamente trattati;<\/li>\r\n<li>l&#8217;aggiornamento, la rettifica ovvero, qualora vi abbia interesse, l&#8217;integrazione dei dati esistenti;<\/li>\r\n<li>opporvi in tutto o in parte per motivi legittimi al trattamento dei dati personali che vi riguardano ancorch\u00e9 pertinenti allo scopo della raccolta;<\/li>\r\n<\/ul>\r\n<\/li>\r\n<\/ul>\r\n\r\n\r\n\r\n<p><br \/>Vi segnaliamo che il titolare del trattamento ad ogni effetto di legge \u00e8:<\/p>\r\n\r\n\r\n\r\n<ul class=\"wp-block-list\">\r\n<li><strong>Ordine delle Ostetriche della Provincia di Terni<\/strong><\/li>\r\n<li>Viale Donato Bramante, 3\/D<\/li>\r\n<li>05100\u00a0&#8211;\u00a0Terni\u00a0(TR)<\/li>\r\n<li>Tel\/Fax:\u00a00744 306292<\/li>\r\n<li>E-mail:\u00a0collegiostetricheterni@gmail.com<\/li>\r\n<\/ul>\r\n\r\n\r\n\r\n<p><br \/>Per esercitare i diritti previsti all&#8217;art. 7 del Codice della Privacy ovvero per la cancellazione dei vostri dati dall&#8217;archivio, \u00e8 sufficiente contattarci attraverso uno dei canali messi a disposizione.<\/p>\r\n\r\n\r\n\r\n<p><br \/>Tutti i dati sono protetti attraverso l&#8217;uso di antivirus, firewall e protezione attraverso password.<\/p>\r\n\r\n\r\n\r\n<h3 class=\"wp-block-heading\"><br \/>Informazioni per i bambini<\/h3>\r\n\r\n\r\n<hr class=\"wp-block-separator\" \/>\r\n\r\n\r\n<p>Riteniamo importante assicurare una protezione aggiunta ai bambini online. Noi incoraggiamo i genitori e i tutori a trascorrere del tempo online con i loro figli per osservare, partecipare e\/o monitorare e guidare la loro attivit\u00e0 online. Noi non raccogliamo dati personali di minori. Se un genitore o un tutore crede che il nostro sito abbia nel suo database le informazioni personali di un bambino, vi preghiamo di contattarci immediatamente (utilizzando la mail fornita) e faremo di tutto per rimuovere tali informazioni il pi\u00f9 presto possibile.<\/p>\r\n\r\n\r\n\r\n<p>Questa politica sulla privacy si applica solo alle nostre attivit\u00e0 online ed \u00e8 valida per i visitatori del nostro sito web e per quanto riguarda le informazioni condivise e\/o raccolte. Questa politica non si applica a qualsiasi informazione raccolta in modalit\u00e0 offline o tramite canali diversi da questo sito web.<\/p>\r\n\r\n\r\n\r\n<h3 class=\"wp-block-heading\"><br \/>Consenso<\/h3>\r\n\r\n\r\n<hr class=\"wp-block-separator\" \/>\r\n\r\n\r\n<p>Usando il nostro sito web, acconsenti alla nostra politica sulla privacy e accetti i suoi termini. Se desideri ulteriori informazioni o hai domande sulla nostra politica sulla privacy non esitare a contattarci.<\/p>\r\n","protected":false},"excerpt":{"rendered":"<p>Informativa ai sensi dell&#8217;art. 13 del Codice della Privacy Ai sensi dell&#8217;articolo 13 del codice della D.Lgs. 196\/2003, vi rendiamo le seguenti informazioni. Noi di\u00a0www.ordineostetricheterni.it\u00a0riteniamo che la privacy dei nostri visitatori sia estremamente importante. Questo documento descrive dettagliatamente i tipi di informazioni personali raccolti e registrati dal nostro sito e come essi vengano utilizzati. File&nbsp;&hellip;<\/p>\n","protected":false},"author":1,"featured_media":0,"parent":0,"menu_order":0,"comment_status":"closed","ping_status":"open","template":"","meta":{"footnotes":""},"class_list":["post-3","page","type-page","status-publish","hentry"],"_links":{"self":[{"href":"https:\/\/ordineostetricheterni.it\/wordpress\/wp-json\/wp\/v2\/pages\/3","targetHints":{"allow":["GET"]}}],"collection":[{"href":"https:\/\/ordineostetricheterni.it\/wordpress\/wp-json\/wp\/v2\/pages"}],"about":[{"href":"https:\/\/ordineostetricheterni.it\/wordpress\/wp-json\/wp\/v2\/types\/page"}],"author":[{"embeddable":true,"href":"https:\/\/ordineostetricheterni.it\/wordpress\/wp-json\/wp\/v2\/users\/1"}],"replies":[{"embeddable":true,"href":"https:\/\/ordineostetricheterni.it\/wordpress\/wp-json\/wp\/v2\/comments?post=3"}],"version-history":[{"count":5,"href":"https:\/\/ordineostetricheterni.it\/wordpress\/wp-json\/wp\/v2\/pages\/3\/revisions"}],"predecessor-version":[{"id":783,"href":"https:\/\/ordineostetricheterni.it\/wordpress\/wp-json\/wp\/v2\/pages\/3\/revisions\/783"}],"wp:attachment":[{"href":"https:\/\/ordineostetricheterni.it\/wordpress\/wp-json\/wp\/v2\/media?parent=3"}],"curies":[{"name":"wp","href":"https:\/\/api.w.org\/{rel}","templated":true}]}}