{"id":96,"date":"2021-01-16T10:29:48","date_gmt":"2021-01-16T09:29:48","guid":{"rendered":"https:\/\/ordineostetricheterni.it\/wordpress\/?page_id=96"},"modified":"2021-01-17T19:08:29","modified_gmt":"2021-01-17T18:08:29","slug":"la-normativa-della-professione","status":"publish","type":"page","link":"https:\/\/ordineostetricheterni.it\/wordpress\/la-normativa-della-professione\/","title":{"rendered":"La Normativa della Professione"},"content":{"rendered":"\n<p>Come sancito dal <strong>D.M 740\/94<\/strong>, l&#8217;ostetrica\/o \u00e8 l&#8217;operatore sanitario che, in possesso del diploma universitario abilitante e dell&#8217;iscrizione all&#8217;albo professionale, assiste e consiglia la donna nel periodo della gravidanza, durante il parto e nel puerperio, conduce e porta a termine parti eutocici con propria responsabilit\u00e0 e presta assistenza al neonato.&nbsp;<\/p>\n\n\n\n<p>L&#8217;ostetrica\/o, per quanto di sua competenza, partecipa:&nbsp; &nbsp;<\/p>\n\n\n\n<ul class=\"wp-block-list\"><li>ad interventi di educazione sanitaria e sessuale sia nell&#8217;ambito della famiglia che nella comunit\u00e0; &nbsp;<\/li><li>alla preparazione psicoprofilattica al parto; &nbsp;<\/li><li>alla preparazione e all&#8217;assistenza ad interventi ginecologici; &nbsp;<\/li><li>alla prevenzione e all&#8217;accertamento dei tumori della sfera genitale femminile; &nbsp;<\/li><li>ai programmi di assistenza materna e neonatale. &nbsp;<\/li><\/ul>\n\n\n\n<p>L\u2019abilitazione, ottenuta dal superamento dell\u2019Esame di Stato a termine del percorso universitario, legittima l\u2019ostetrica\/o ad esercitare la propria professione in ambito ostetrico, ginecologico e neonatale. Le attivit\u00e0 riconosciute all\u2019ostetrica sono quelle acquisite nel percorso formativo teorico e pratico (laurea in Ostetricia) e che, a loro volta, rispecchiano le competenze previste nel profilo professionale (DM740\/94) e nel codice deontologico dell\u2019ostetrica\/o. Una volta conseguita la laurea \u201cabilitante\u201d,<strong> l\u2019ostetrica\/o ha l\u2019obbligo di iscriversi all&#8217;Ordine della Professione di Ostetrica di competenza<\/strong> (dove risiede o dove esercita); <strong>la mancata iscrizione vieta l\u2019esercizio della professione<\/strong>.<\/p>\n\n\n\n<p><br>L\u2019iscritto\/a \u00e8 obbligato all\u2019osservanza del <strong>Codice deontologico<\/strong> il quale non detta soltanto le <strong>norme inerenti i doveri professionali<\/strong> nei confronti della persona assistita, dei colleghi e delle istituzioni, ma definisce e <strong>rafforza le competenze dell\u2019ostetrica\/o nell\u2019ambito della tutela della salute<\/strong> sessuale-riproduttiva della persona, rispetto agli eventi naturali e fisiologici del ciclo della vita in una <strong>visione olistica<\/strong>: nascita, infanzia, adolescenza, gravidanza, parto, puerperio, periodo della fecondit\u00e0, menopausa e climaterio.<\/p>\n\n\n\n<p><br>Parlare di salute olistica significa per l\u2019ostetrica\/o <strong>considerare la persona nella sua globalit\u00e0<\/strong>, dove le <strong>componenti mente-corpo-cultura<\/strong> interagiscono tra loro intimamente. Con l\u2019entrata in vigore della legge n. 42\/99 \u201cDisposizioni in materia di professioni sanitarie\u201d l\u2019ostetricia ha perso la denominazione di professione sanitaria ausiliaria per divenire <strong>professione sanitaria<\/strong>.<\/p>\n\n\n\n<p><br>In questa Legge\u00a0 si riconoscono i tre diritti fondamentali di una professione intellettuale:<\/p>\n\n\n\n<ol class=\"wp-block-list\"><li><strong>l\u2019autonomia decisionale<\/strong><\/li><li><strong>l\u2019indipendenza culturale e operativa<\/strong><\/li><li><strong>la responsabilit\u00e0 professionale<\/strong><\/li><\/ol>\n\n\n\n<p>Ci\u00f2 significa che di fronte alla domanda di salute inerente le manifestazioni naturali del ciclo della vita, <strong>l\u2019ostetrica\/o agisce in completa autonomia assumendosi la responsabilit\u00e0<\/strong> dell\u2019intervento assistenziale, mentre <strong>di fronte a situazioni potenzialmente patologiche deve chiedere il contributo del medico<\/strong> ed in sua assenza essere in grado di prestare le misure sanitarie indispensabili per salvaguardare la vita della persona.<\/p>\n\n\n\n<div style=\"height:1px\" aria-hidden=\"true\" class=\"wp-block-spacer\"><\/div>\n\n\n\n<h4 class=\"wp-block-heading\">ELENCO DELLA NORMATIVA CHE DISCIPLINA LA PROFESSIONE OSTETRICA<\/h4>\n\n\n\n<hr class=\"wp-block-separator\"\/>\n\n\n\n<ul class=\"wp-block-list\"><li><a rel=\"noreferrer noopener\" href=\"https:\/\/www.ostetrichebrescia.it\/downloads\/NORMATIVA\/Dec_leg_233_1946.pdf\" target=\"_blank\"><strong>D.Lgs.C.P.S. 13-09-1946, n. 233<\/strong><\/a> | Ricostituzione degli Ordini delle professioni sanitarie e per la disciplina dell&#8217;esercizio delle professioni stesse. TAG: Istituzione collegi, ente pubblico, esercizio delle professioni.<\/li><li><a rel=\"noreferrer noopener\" href=\"https:\/\/www.ostetrichebrescia.it\/downloads\/NORMATIVA\/DPR_221_1950.pdf\" target=\"_blank\"><strong>D.P.R. 5 aprile 1950 n. 221<\/strong><\/a> | Approvazione del regolamento per la esecuzione del decreto legislativo 13 settembre 1946, n. 233, sulla ricostituzione degli Ordini delle professioni sanitarie e per la disciplina dell&#8217;esercizio delle professioni stesse.<\/li><li><a rel=\"noreferrer noopener\" href=\"https:\/\/www.ostetrichebrescia.it\/downloads\/NORMATIVA\/DM-14-settembre-1994.pdf\" target=\"_blank\"><strong>D.M. 14-09-1994, n. 740<\/strong><\/a> | Regolamento concernente l&#8217;individuazione della figura e del relativo profilo professionale dell&#8217;ostetrica\/o.<\/li><li><a rel=\"noreferrer noopener\" href=\"https:\/\/www.ostetrichebrescia.it\/downloads\/NORMATIVA\/Legge_26_febbraio_1999_n_42.pdf\" target=\"_blank\"><strong>Legge 26-02-1999, n. 42<\/strong><\/a> | Disposizioni in materia di professioni sanitarie<\/li><li><a rel=\"noreferrer noopener\" href=\"https:\/\/www.ostetrichebrescia.it\/downloads\/NORMATIVA\/Legge-n-251-del-10-agosto-2000-Disciplina-Professioni-sanitarie2-1.pdf\" target=\"_blank\"><strong>Legge 10-08-2000, n. 251<\/strong><\/a> | Disciplina delle professioni sanitarie infermieristiche, tecniche, della riabilitazione, della prevenzione nonch\u00e9 della professione ostetrica<\/li><li><a rel=\"noreferrer noopener\" href=\"https:\/\/www.ostetrichebrescia.it\/downloads\/NORMATIVA\/Legge_43_2006_2.pdf\" target=\"_blank\"><strong>Legge 43 del 2006<\/strong><\/a> | Disposizioni in materia di professioni sanitarie infermieristiche, ostetrica, riabilitative, tecnico-sanitarie e della prevenzione e delega al Governo per l&#8217;istituzione dei relativi ordini professionali. TAG: obbligatoriet\u00e0 di iscrizione all&#8217;albo<\/li><li><a rel=\"noreferrer noopener\" href=\"https:\/\/www.ostetrichebrescia.it\/downloads\/NORMATIVA\/Legge_3_Agosto_2007.pdf\" target=\"_blank\"><strong>LEGGE 3 agosto 2007, n. 120<\/strong><\/a> | Disposizioni in materia di attivit\u00e0 libero-professionale intramuraria e altre norme in materia sanitaria<\/li><li><a rel=\"noreferrer noopener\" href=\"https:\/\/www.ostetrichebrescia.it\/downloads\/NORMATIVA\/accordo_Stato_Regioni_Punti_Nascita_2010.pdf\" target=\"_blank\"><strong>Accordo Stato-Regioni del 16 dicembre 2010<\/strong> | <\/a><strong><a rel=\"noreferrer noopener\" href=\"https:\/\/www.ostetrichebrescia.it\/downloads\/NORMATIVA\/accordo_Stato_Regioni_Punti_Nascita_2010.pdf\" target=\"_blank\">Linee di indirizzo per il percorso nascita<\/a> |<\/strong> Accordo ai sensi dell&#8217;art. 4 del decreto legislativo 28 agosto 1997, n. 281, tra il Governo, le Regioni e le Province autonome di Trento e Bolzano sul documento recante &#8220;Linee di indirizzo per la promozione ed il miglioramento della qualit\u00e0, della sicurezza e dell&#8217;appropriatezza degli interventi assistenziali nel percorso nascita e per la riduzione del taglio cesareo\u201d.<\/li><li><a rel=\"noreferrer noopener\" href=\"https:\/\/www.ostetrichebrescia.it\/ordine-della-professione-di-ostetrica-della-provincia-di-brescia\/codice-deontologico.html\" target=\"_blank\"><strong>Codice deontologico.<\/strong><\/a><\/li><li><a rel=\"noreferrer noopener\" href=\"https:\/\/www.ostetrichebrescia.it\/downloads\/NORMATIVA\/Dpr_137_del_7_agosto_2012.pdf\" target=\"_blank\"><strong>Decreto del Presidente della Repubblica 7 agosto 2012 n.137<\/strong><\/a> | Regolamento recante riforma degli ordinamenti professionali a norma dell&#8217;articolo 3, comma 5, del decreto-legge 13 agosto 2011, n.138, convertito, con modificazioni, dalla legge 14 settembre 2011, n.148.<\/li><li><a rel=\"noreferrer noopener\" href=\"https:\/\/www.ostetrichebrescia.it\/downloads\/NORMATIVA\/legge_8_novembre_2012.pdf\" target=\"_blank\"><strong>LEGGE 8 novembre 2012, n. 189<\/strong><\/a> | Conversione in legge, con modificazioni, del decreto-legge 13 settembre 2012, n. 158, recante disposizioni urgenti per promuovere lo sviluppo del Paese mediante un pi\u00f9 alto livello di tutela della salute.<\/li><li>Delega al Governo in materia di sperimentazione clinica di medicinali nonch\u00e9 disposizioni per il riordino delle professioni sanitarie e per la dirigenza sanitaria del Ministero della Salute. <a rel=\"noreferrer noopener\" href=\"https:\/\/oporp.it\/custom\/oporp\/writable\/news\/Legge%20Lorenzin%20n_3%20del%202018.pdf\" target=\"_blank\"><strong>Legge Lorenzin, n. 3\/2018<\/strong><\/a><\/li><\/ul>\n\n\n\n<div style=\"height:1px\" aria-hidden=\"true\" class=\"wp-block-spacer\"><\/div>\n\n\n\n<h4 class=\"wp-block-heading\">Normative sociali<\/h4>\n\n\n\n<hr class=\"wp-block-separator\"\/>\n\n\n\n<p>Documenti normativi della professione dell&#8217;Ostetrica\/o<\/p>\n\n\n\n<ul class=\"wp-block-list\"><li><strong>LEGGE 22 maggio 1978, n.194<\/strong> Norme per la tutela sociale della maternit\u00e0 e sull&#8217;interruzione volontaria della gravidanza.<br><a rel=\"noreferrer noopener\" href=\"http:\/\/www.fnopo.it\/downloads\/get_download.aspx?IdDownload=14\" target=\"_blank\">scarica il file<\/a> (61,00 Kb) <\/li><\/ul>\n\n\n\n<ul class=\"wp-block-list\"><li><strong>Legge 8 febbraio 2006, n. 54<\/strong> Disposizioni in materia di separazione dei genitori e affidamento condiviso dei figli<br><a rel=\"noreferrer noopener\" href=\"http:\/\/www.fnopo.it\/downloads\/get_download.aspx?IdDownload=17\" target=\"_blank\">scarica il file<\/a> (33,00 Kb) <\/li><\/ul>\n\n\n\n<ul class=\"wp-block-list\"><li><strong>LEGGE 12 luglio 2011 , n. 112<\/strong> Istituzione dell&#8217;Autorita&#8217; garante per l&#8217;infanzia e l&#8217;adolescenza.<br><a rel=\"noreferrer noopener\" href=\"http:\/\/www.fnopo.it\/downloads\/get_download.aspx?IdDownload=25\" target=\"_blank\">Scarica il file<\/a> (394,00 Kb) <\/li><\/ul>\n\n\n\n<ul class=\"wp-block-list\"><li><strong>Decreto Legge Prevenzione Vaccinale a seguito della conversione in Legge da parte del Parlamento (28 luglio 2017)<\/strong> L&#8217;introduzione delle vaccinazioni \u00e8 stato l&#8217;intervento di sanit\u00e0 pubblica pi\u00f9 importante per l&#8217;umanit\u00e0.<br><a rel=\"noreferrer noopener\" href=\"http:\/\/www.fnopo.it\/downloads\/get_download.aspx?IdDownload=60\" target=\"_blank\">DL Prevenzione Vaccinale<\/a> (657,00 Kb)<\/li><\/ul>\n","protected":false},"excerpt":{"rendered":"<p>Come sancito dal D.M 740\/94, l&#8217;ostetrica\/o \u00e8 l&#8217;operatore sanitario che, in possesso del diploma universitario abilitante e dell&#8217;iscrizione all&#8217;albo professionale, assiste e consiglia la donna nel periodo della gravidanza, durante il parto e nel puerperio, conduce e porta a termine parti eutocici con propria responsabilit\u00e0 e presta assistenza al neonato.&nbsp; L&#8217;ostetrica\/o, per quanto di sua&nbsp;&hellip;<\/p>\n","protected":false},"author":1,"featured_media":0,"parent":0,"menu_order":0,"comment_status":"closed","ping_status":"closed","template":"","meta":{"footnotes":""},"class_list":["post-96","page","type-page","status-publish","hentry"],"_links":{"self":[{"href":"https:\/\/ordineostetricheterni.it\/wordpress\/wp-json\/wp\/v2\/pages\/96","targetHints":{"allow":["GET"]}}],"collection":[{"href":"https:\/\/ordineostetricheterni.it\/wordpress\/wp-json\/wp\/v2\/pages"}],"about":[{"href":"https:\/\/ordineostetricheterni.it\/wordpress\/wp-json\/wp\/v2\/types\/page"}],"author":[{"embeddable":true,"href":"https:\/\/ordineostetricheterni.it\/wordpress\/wp-json\/wp\/v2\/users\/1"}],"replies":[{"embeddable":true,"href":"https:\/\/ordineostetricheterni.it\/wordpress\/wp-json\/wp\/v2\/comments?post=96"}],"version-history":[{"count":8,"href":"https:\/\/ordineostetricheterni.it\/wordpress\/wp-json\/wp\/v2\/pages\/96\/revisions"}],"predecessor-version":[{"id":255,"href":"https:\/\/ordineostetricheterni.it\/wordpress\/wp-json\/wp\/v2\/pages\/96\/revisions\/255"}],"wp:attachment":[{"href":"https:\/\/ordineostetricheterni.it\/wordpress\/wp-json\/wp\/v2\/media?parent=96"}],"curies":[{"name":"wp","href":"https:\/\/api.w.org\/{rel}","templated":true}]}}